{"id":9139,"date":"2021-10-15T13:17:16","date_gmt":"2021-10-15T11:17:16","guid":{"rendered":"https:\/\/www.antigua-luberri.net\/familias\/"},"modified":"2024-12-17T19:35:35","modified_gmt":"2024-12-17T18:35:35","slug":"familias","status":"publish","type":"page","link":"https:\/\/www.antigua-luberri.net\/es\/familias\/","title":{"rendered":"FAMILIAS"},"content":{"rendered":"<p>[et_pb_section fb_built=\u00bb1&#8243; admin_label=\u00bbServices\u00bb _builder_version=\u00bb4.22.1&#8243; _module_preset=\u00bbdefault\u00bb locked=\u00bboff\u00bb collapsed=\u00bboff\u00bb global_colors_info=\u00bb{}\u00bb][et_pb_row column_structure=\u00bb1_2,1_2&#8243; make_equal=\u00bbon\u00bb custom_padding_last_edited=\u00bbon|tablet\u00bb _builder_version=\u00bb4.22.1&#8243; _module_preset=\u00bbdefault\u00bb custom_padding_tablet=\u00bb||0px||false|false\u00bb custom_padding_phone=\u00bb||0px||false|false\u00bb collapsed=\u00bboff\u00bb global_colors_info=\u00bb{}\u00bb][et_pb_column type=\u00bb1_2&#8243; _builder_version=\u00bb4.22.1&#8243; _module_preset=\u00bbdefault\u00bb background_color=\u00bbgcid-924bddf2-c0ef-4ef9-b028-8630e1b50bab\u00bb custom_padding=\u00bb40px|40px|40px|40px|true|true\u00bb custom_padding_tablet=\u00bb30px|30px|30px|30px|true|true\u00bb custom_padding_phone=\u00bb20px|20px|20px|20px|true|true\u00bb custom_padding_last_edited=\u00bbon|desktop\u00bb border_radii=\u00bbon|10px|10px|10px|10px\u00bb global_colors_info=\u00bb{%22gcid-924bddf2-c0ef-4ef9-b028-8630e1b50bab%22:%91%22background_color%22%93}\u00bb][et_pb_image src=\u00bbhttps:\/\/www.antigua-luberri.net\/wp-content\/uploads\/2023\/11\/inika-logoa-1-150&#215;150.png\u00bb title_text=\u00bbinika-logoa-1&#8243; align=\u00bbcenter\u00bb disabled_on=\u00bboff|off|off\u00bb _builder_version=\u00bb4.24.2&#8243; _module_preset=\u00bbdefault\u00bb global_colors_info=\u00bb{}\u00bb][\/et_pb_image][et_pb_text _builder_version=\u00bb4.24.2&#8243; _module_preset=\u00bbf35bc951-247b-40f0-8460-7ec79e9d14df\u00bb text_orientation=\u00bbcenter\u00bb custom_margin=\u00bb||0px||false|false\u00bb locked=\u00bboff\u00bb global_colors_info=\u00bb{}\u00bb]<\/p>\n<h5>Utilizaci\u00f3n de Inika<\/h5>\n<p>[\/et_pb_text][et_pb_text _builder_version=\u00bb4.24.2&#8243; _module_preset=\u00bb5e2c40c6-3e09-4bff-8678-5ab8396debe4&#8243; text_orientation=\u00bbcenter\u00bb global_colors_info=\u00bb{}\u00bb]<\/p>\n<div id=\"translation_text\">\n<div class=\"jumbotron-text\">\n<div class=\"row\">\n<div class=\"col-md-12 col-xs-12\">Instalaci\u00f3n de la aplicaci\u00f3n, manejo de mensajer\u00eda, gesti\u00f3n de las faltas&#8230; Explicaci\u00f3n de todo lo que necesitas saber para utilizar Inika<\/div>\n<\/div>\n<\/div>\n<\/div>\n<p>[\/et_pb_text][et_pb_button button_url=\u00bbhttps:\/\/www.antigua-luberri.net\/es\/familias\/utilizacion-de-inika\/\u00bb button_text=\u00bbVideotutoriales\u00bb button_alignment=\u00bbcenter\u00bb _builder_version=\u00bb4.24.2&#8243; _module_preset=\u00bbdefault\u00bb global_colors_info=\u00bb{}\u00bb][\/et_pb_button][\/et_pb_column][et_pb_column type=\u00bb1_2&#8243; _builder_version=\u00bb4.22.1&#8243; _module_preset=\u00bbdefault\u00bb background_color=\u00bbgcid-924bddf2-c0ef-4ef9-b028-8630e1b50bab\u00bb custom_padding=\u00bb40px|40px|40px|40px|true|true\u00bb custom_padding_tablet=\u00bb30px|30px|30px|30px|true|true\u00bb custom_padding_phone=\u00bb20px|20px|20px|20px|true|true\u00bb custom_padding_last_edited=\u00bbon|desktop\u00bb border_radii=\u00bbon|10px|10px|10px|10px\u00bb global_colors_info=\u00bb{%22gcid-924bddf2-c0ef-4ef9-b028-8630e1b50bab%22:%91%22background_color%22%93}\u00bb][et_pb_image src=\u00bbhttps:\/\/www.antigua-luberri.net\/wp-content\/uploads\/2023\/11\/guraso_elkartea-150&#215;150.png\u00bb title_text=\u00bbguraso_elkartea\u00bb url=\u00bbhttps:\/\/www.antigua-luberri.net\/zerbitzuak\/luberri-bostak-guraso-elkartea\/\u00bb align=\u00bbcenter\u00bb _builder_version=\u00bb4.27.4&#8243; _module_preset=\u00bbdefault\u00bb hover_enabled=\u00bb0&#8243; locked=\u00bboff\u00bb global_colors_info=\u00bb{}\u00bb sticky_enabled=\u00bb0&#8243;][\/et_pb_image][et_pb_text _builder_version=\u00bb4.24.2&#8243; _module_preset=\u00bbf35bc951-247b-40f0-8460-7ec79e9d14df\u00bb text_orientation=\u00bbcenter\u00bb custom_margin=\u00bb||0px||false|false\u00bb global_colors_info=\u00bb{}\u00bb]<\/p>\n<h5>Asociaci\u00f3n de padres<\/h5>\n<p>[\/et_pb_text][et_pb_text _builder_version=\u00bb4.24.2&#8243; _module_preset=\u00bb5e2c40c6-3e09-4bff-8678-5ab8396debe4&#8243; text_orientation=\u00bbcenter\u00bb global_colors_info=\u00bb{}\u00bb]<\/p>\n<p>Somos la Asociaci\u00f3n de Padres y Madres creada con la intenci\u00f3n de ayudar al instituto Antigua-Luberri BHI a cumplir sus objetivos y participar en las decisiones que se tomen en el mismo.<\/p>\n<p>[\/et_pb_text][et_pb_button button_url=\u00bbhttps:\/\/www.antigua-luberri.net\/es\/servicios\/asociacion-de-padres-luberri-bostak\/\u00bb button_text=\u00bbLuberri Bostak\u00bb button_alignment=\u00bbcenter\u00bb _builder_version=\u00bb4.24.2&#8243; _module_preset=\u00bbdefault\u00bb global_colors_info=\u00bb{}\u00bb][\/et_pb_button][\/et_pb_column][\/et_pb_row][et_pb_row column_structure=\u00bb1_2,1_2&#8243; make_equal=\u00bbon\u00bb custom_padding_last_edited=\u00bbon|tablet\u00bb _builder_version=\u00bb4.22.1&#8243; _module_preset=\u00bbdefault\u00bb custom_padding_tablet=\u00bb||0px||false|false\u00bb custom_padding_phone=\u00bb||0px||false|false\u00bb collapsed=\u00bboff\u00bb global_colors_info=\u00bb{}\u00bb][et_pb_column type=\u00bb1_2&#8243; _builder_version=\u00bb4.22.1&#8243; _module_preset=\u00bbdefault\u00bb background_color=\u00bbgcid-924bddf2-c0ef-4ef9-b028-8630e1b50bab\u00bb custom_padding=\u00bb40px|40px|40px|40px|true|true\u00bb custom_padding_tablet=\u00bb30px|30px|30px|30px|true|true\u00bb custom_padding_phone=\u00bb20px|20px|20px|20px|true|true\u00bb custom_padding_last_edited=\u00bbon|desktop\u00bb border_radii=\u00bbon|10px|10px|10px|10px\u00bb global_colors_info=\u00bb{%22gcid-924bddf2-c0ef-4ef9-b028-8630e1b50bab%22:%91%22background_color%22%93}\u00bb][et_pb_image src=\u00bbhttps:\/\/www.antigua-luberri.net\/wp-content\/uploads\/2024\/12\/LuberriKirolak.jpg\u00bb alt=\u00bbLuberriKirola-Logo\u00bb title_text=\u00bbLuberriKirolak\u00bb align=\u00bbcenter\u00bb _builder_version=\u00bb4.27.4&#8243; _module_preset=\u00bbdefault\u00bb locked=\u00bboff\u00bb global_colors_info=\u00bb{}\u00bb][\/et_pb_image][et_pb_text _builder_version=\u00bb4.27.4&#8243; _module_preset=\u00bbf35bc951-247b-40f0-8460-7ec79e9d14df\u00bb text_orientation=\u00bbcenter\u00bb custom_margin=\u00bb||0px||false|false\u00bb global_colors_info=\u00bb{}\u00bb]<\/p>\n<h5>Actividades deportivas<\/h5>\n<p>[\/et_pb_text][et_pb_text _builder_version=\u00bb4.24.2&#8243; _module_preset=\u00bb5e2c40c6-3e09-4bff-8678-5ab8396debe4&#8243; text_orientation=\u00bbcenter\u00bb global_colors_info=\u00bb{}\u00bb]<\/p>\n<p>Baloncesto, f\u00fatbol y f\u00fatbol sala<\/p>\n<p>[\/et_pb_text][et_pb_button button_url=\u00bbhttps:\/\/www.antigua-luberri.net\/es\/antigua-luberri-ke\/\u00bb url_new_window=\u00bbon\u00bb button_text=\u00bbKirol Elkartea\u00bb button_alignment=\u00bbcenter\u00bb _builder_version=\u00bb4.24.2&#8243; _module_preset=\u00bbdefault\u00bb global_colors_info=\u00bb{}\u00bb][\/et_pb_button][\/et_pb_column][et_pb_column type=\u00bb1_2&#8243; _builder_version=\u00bb4.22.1&#8243; _module_preset=\u00bbdefault\u00bb background_color=\u00bbgcid-924bddf2-c0ef-4ef9-b028-8630e1b50bab\u00bb custom_padding=\u00bb40px|40px|40px|40px|true|true\u00bb custom_padding_tablet=\u00bb30px|30px|30px|30px|true|true\u00bb custom_padding_phone=\u00bb20px|20px|20px|20px|true|true\u00bb custom_padding_last_edited=\u00bbon|desktop\u00bb border_radii=\u00bbon|10px|10px|10px|10px\u00bb global_colors_info=\u00bb{%22gcid-924bddf2-c0ef-4ef9-b028-8630e1b50bab%22:%91%22background_color%22%93}\u00bb][et_pb_image src=\u00bbhttps:\/\/www.antigua-luberri.net\/wp-content\/uploads\/2023\/11\/coding-isometric-06-150&#215;150.png\u00bb alt=\u00bbLuberriKirola-Logo\u00bb title_text=\u00bbcoding-isometric-06&#8243; align=\u00bbcenter\u00bb _builder_version=\u00bb4.23.1&#8243; _module_preset=\u00bbdefault\u00bb locked=\u00bboff\u00bb global_colors_info=\u00bb{}\u00bb][\/et_pb_image][et_pb_text _builder_version=\u00bb4.24.2&#8243; _module_preset=\u00bbf35bc951-247b-40f0-8460-7ec79e9d14df\u00bb text_orientation=\u00bbcenter\u00bb custom_margin=\u00bb||0px||false|false\u00bb link_option_url=\u00bbhttps:\/\/www.antigua-luberri.net\/wp-content\/uploads\/2023\/11\/1-Ebazpena_eta_kontratuak_Eu.pdf\u00bb link_option_url_new_window=\u00bbon\u00bb global_colors_info=\u00bb{}\u00bb]<\/p>\n<h5>Port\u00e1tiles de los alumnos<\/h5>\n<p>[\/et_pb_text][et_pb_text _builder_version=\u00bb4.24.2&#8243; _module_preset=\u00bb5e2c40c6-3e09-4bff-8678-5ab8396debe4&#8243; text_orientation=\u00bbcenter\u00bb global_colors_info=\u00bb{}\u00bb]<\/p>\n<div class=\"row\">\n<div class=\"col-md-12 col-xs-12\">Resoluci\u00f3n y contrato del port\u00e1til adjudicado<\/div>\n<\/div>\n<p>[\/et_pb_text][et_pb_button button_url=\u00bbhttps:\/\/www.antigua-luberri.net\/wp-content\/uploads\/2023\/11\/1-Ebazpena_eta_kontratuak_Eu.pdf\u00bb url_new_window=\u00bbon\u00bb button_text=\u00bbVisualizar\u00bb button_alignment=\u00bbcenter\u00bb _builder_version=\u00bb4.24.2&#8243; _module_preset=\u00bbdefault\u00bb global_colors_info=\u00bb{}\u00bb][\/et_pb_button][\/et_pb_column][\/et_pb_row][\/et_pb_section]<\/p>\n","protected":false},"excerpt":{"rendered":"<p>Utilizaci\u00f3n de Inika Instalaci\u00f3n de la aplicaci\u00f3n, manejo de mensajer\u00eda, gesti\u00f3n de las faltas&#8230; Explicaci\u00f3n de todo lo que necesitas saber para utilizar Inika Asociaci\u00f3n de padresSomos la Asociaci\u00f3n de Padres y Madres creada con la intenci\u00f3n de ayudar al instituto Antigua-Luberri BHI a cumplir sus objetivos y participar en las decisiones que se tomen [&hellip;]<\/p>\n","protected":false},"author":3,"featured_media":0,"parent":0,"menu_order":0,"comment_status":"closed","ping_status":"closed","template":"","meta":{"_et_pb_use_builder":"on","_et_pb_old_content":"","_et_gb_content_width":"","footnotes":""},"class_list":["post-9139","page","type-page","status-publish","hentry"],"_links":{"self":[{"href":"https:\/\/www.antigua-luberri.net\/es\/wp-json\/wp\/v2\/pages\/9139","targetHints":{"allow":["GET"]}}],"collection":[{"href":"https:\/\/www.antigua-luberri.net\/es\/wp-json\/wp\/v2\/pages"}],"about":[{"href":"https:\/\/www.antigua-luberri.net\/es\/wp-json\/wp\/v2\/types\/page"}],"author":[{"embeddable":true,"href":"https:\/\/www.antigua-luberri.net\/es\/wp-json\/wp\/v2\/users\/3"}],"replies":[{"embeddable":true,"href":"https:\/\/www.antigua-luberri.net\/es\/wp-json\/wp\/v2\/comments?post=9139"}],"version-history":[{"count":22,"href":"https:\/\/www.antigua-luberri.net\/es\/wp-json\/wp\/v2\/pages\/9139\/revisions"}],"predecessor-version":[{"id":16227,"href":"https:\/\/www.antigua-luberri.net\/es\/wp-json\/wp\/v2\/pages\/9139\/revisions\/16227"}],"wp:attachment":[{"href":"https:\/\/www.antigua-luberri.net\/es\/wp-json\/wp\/v2\/media?parent=9139"}],"curies":[{"name":"wp","href":"https:\/\/api.w.org\/{rel}","templated":true}]}}