{"id":5187,"date":"2019-01-31T16:09:58","date_gmt":"2019-01-31T15:09:58","guid":{"rendered":"https:\/\/www.antigua-luberri.net\/politica-de-cookies\/"},"modified":"2019-04-26T12:50:00","modified_gmt":"2019-04-26T10:50:00","slug":"politica-de-cookies","status":"publish","type":"page","link":"https:\/\/www.antigua-luberri.net\/es\/politica-de-cookies\/","title":{"rendered":"Pol\u00edtica de Cookies"},"content":{"rendered":"<h2>\u00bfQu\u00e9 son las cookies?<\/h2>\n<p>Una cookie es un fichero que se descarga en su equipo al acceder a determinadas p\u00e1ginas web. Las cookies tienen un papel esencial para la prestaci\u00f3n de numerosos servicios de la sociedad de la informaci\u00f3n. Entre otros, permiten a una p\u00e1gina web almacenar y recuperar informaci\u00f3n sobre los h\u00e1bitos de navegaci\u00f3n de un usuario o de su equipo y, dependiendo de la informaci\u00f3n obtenida, se pueden utilizar para reconocer al usuario y mejorar el servicio ofrecido.<\/p>\n<h2>Tipos de cookies<\/h2>\n<p>Seg\u00fan quien sea la entidad que gestione el dominio desde donde se env\u00edan las cookies y trate los datos que se obtengan se pueden distinguir dos tipos: cookies propias y cookies de terceros.<br \/>\nExiste tambi\u00e9n una segunda clasificaci\u00f3n seg\u00fan el plazo de tiempo que permanecen almacenadas en el navegador del cliente, pudiendo tratarse de cookies de sesi\u00f3n o cookies persistentes.<br \/>\nPor \u00faltimo, existe otra clasificaci\u00f3n con cinco tipos de cookies seg\u00fan la finalidad para la que se traten los datos obtenidos: cookies t\u00e9cnicas, cookies de personalizaci\u00f3n, cookies de an\u00e1lisis, cookies publicitarias y cookies de publicidad comportamental.<\/p>\n<h3>Cookies utilizadas por antigua-luberri.net<\/h3>\n<p>antigua-luberri.net utiliza cookies para facilitar la navegaci\u00f3n por su Portal, por motivos de seguridad y para obtener una mayor eficacia y personalizaci\u00f3n de los servicios ofrecidos a los Usuarios. Las cookies empleadas en antigua-luberri.net se asocian \u00fanicamente con un Usuario an\u00f3nimo y su ordenador, no proporcionan referencias que permitan deducir el nombre y apellidos del Usuario y no pueden leer datos contenidos en su dispositivo, ni incluir virus en los mismos.<\/p>\n<p>Tipos de cookies utilizados por antigua-luberri.net:<\/p>\n<ul>\n<li>Cookies t\u00e9cnicas: Pueden ser propias o de terceros y de sesi\u00f3n o persistentes. Permiten una correcta navegaci\u00f3n, as\u00ed como reconocer las preferencias del usuario en sus visitas a la web. Tambi\u00e9n gestionan el consentimiento del usuario ante el uso de cookies en la p\u00e1gina web, con el objetivo de evitar la excesiva molestia que pueda suponer mostrar repetidamente informaci\u00f3n sobre la pol\u00edtica de cookies a aquellas personas que hayan aceptado las mismas.<\/li>\n<li>Cookies de personalizaci\u00f3n: Son propias y persistentes, permiten al usuario acceder al servicio con algunas caracter\u00edsticas de car\u00e1cter general, predefinidas en funci\u00f3n de una serie de criterios en el terminal del usuario, como por ejemplo, el idioma, el navegador utilizado, detectar si el usuario es recurrente, recordar la ubicaci\u00f3n del usuario, etc.<\/li>\n<li>Cookies de an\u00e1lisis: Son de terceros y persistentes. Permiten el seguimiento y an\u00e1lisis del comportamiento de los usuarios que visitan antigua-luberri.net. La p\u00e1gina web antigua-luberri.net utiliza Google Analytic, un servicio de anal\u00edtica web desarrollada por Google, que permite la medici\u00f3n y an\u00e1lisis de la navegaci\u00f3n en las p\u00e1ginas web. Puede encontrar m\u00e1s informaci\u00f3n al respecto e inhabilitar el uso de estas cookies www.google.es\/intl\/es\/analytics\/privacyoverview.html<\/li>\n<li>A trav\u00e9s de la anal\u00edtica web no se obtiene informaci\u00f3n sobre sus datos personales garantizando la tutela de la privacidad de las personas que navegan por la web. La informaci\u00f3n que se obtiene es la relativa al n\u00famero de usuarios que acceden a la web, el n\u00famero de p\u00e1ginas vistas, la frecuencia y repetici\u00f3n de las visitas, su duraci\u00f3n, etc. Informaci\u00f3n que posibilita un mejor y m\u00e1s apropiado servicio por parte de este portal.<\/li>\n<\/ul>\n<h3>Aceptaci\u00f3n de la Pol\u00edtica de cookies<\/h3>\n<p>antigua-luberri.net muestra informaci\u00f3n sobre su Pol\u00edtica de cookies en la parte inferior de cualquier p\u00e1gina, la primera vez que se accede al portal y siempre despu\u00e9s de cada eliminaci\u00f3n de cookies.<br \/>\nUna vez se inicia la navegaci\u00f3n se aceptan las cookies y ya no vuelve a aparecer el aviso hasta que las cookies no sean eliminadas.<\/p>\n<h3>C\u00f3mo eliminar y\/o modificar la configuraci\u00f3n de las cookies<\/h3>\n<p>El usuario puede libremente decidir acerca de la implantaci\u00f3n o no en su dispositivo de las cookies empleadas por antigua-luberri.net. En este sentido, el usuario puede configurar su navegador para aceptar o rechazar por defecto todas las cookies o para recibir un aviso en pantalla de la recepci\u00f3n de cada cookie y decidir en ese momento su implantaci\u00f3n o no en su dispositivo. En cualquier momento, el Usuario podr\u00e1 eliminar las cookies de antigua-luberri.net implantadas en su dispositivo, siguiendo el procedimiento establecido de su navegador.<\/p>\n<h3>Informaci\u00f3n para desactivar o eliminar las cookies<\/h3>\n<p>Puede usted permitir, bloquear o eliminar las cookies instaladas en su equipo mediante la configuraci\u00f3n de las opciones del navegador instalado en su ordenador.<\/p>\n<ul>\n<li>Informaci\u00f3n sobre cookies en&nbsp;<a href=\"http:\/\/windows.microsoft.com\/es-es\/internet-explorer\/delete-manage-cookies#ie=ie-9\" target=\"_blank\" rel=\"noopener\">Internet Explorer<\/a><\/li>\n<li>Informaci\u00f3n sobre cookies en&nbsp;<a href=\"https:\/\/support.google.com\/chrome\/answer\/95647?hl=es\" target=\"_blank\" rel=\"noopener\">Google Chrome<\/a><\/li>\n<li>Informaci\u00f3n sobre cookies en&nbsp;<a href=\"http:\/\/support.mozilla.org\/es\/kb\/habilitar-y-deshabilitar-cookies-que-los-sitios-we\" target=\"_blank\" rel=\"noopener\">Mozilla Firefox<\/a><\/li>\n<li>Informaci\u00f3n sobre cookies en&nbsp;<a href=\"http:\/\/www.apple.com\/es\/privacy\/use-of-cookies\/\" target=\"_blank\" rel=\"noopener\">Safari<\/a><\/li>\n<\/ul>\n<p>La persona usuaria podr\u00e1 impedir la cookie de an\u00e1lisis de este espacio web mediante los sistemas de exclusi\u00f3n facilitados por&nbsp;<a href=\"http:\/\/tools.google.com\/dlpage\/gaoptout\" target=\"_blank\" rel=\"noopener\">Google Analytics<\/a>.<\/p>\n","protected":false},"excerpt":{"rendered":"<p>\u00bfQu\u00e9 son las cookies? Una cookie es un fichero que se descarga en su equipo al acceder a determinadas p\u00e1ginas web. Las cookies tienen un papel esencial para la prestaci\u00f3n de numerosos servicios de la sociedad de la informaci\u00f3n. Entre otros, permiten a una p\u00e1gina web almacenar y recuperar informaci\u00f3n sobre los h\u00e1bitos de navegaci\u00f3n [&hellip;]<\/p>\n","protected":false},"author":1,"featured_media":0,"parent":0,"menu_order":0,"comment_status":"closed","ping_status":"closed","template":"","meta":{"_et_pb_use_builder":"","_et_pb_old_content":"","_et_gb_content_width":"","footnotes":""},"class_list":["post-5187","page","type-page","status-publish","hentry"],"_links":{"self":[{"href":"https:\/\/www.antigua-luberri.net\/es\/wp-json\/wp\/v2\/pages\/5187","targetHints":{"allow":["GET"]}}],"collection":[{"href":"https:\/\/www.antigua-luberri.net\/es\/wp-json\/wp\/v2\/pages"}],"about":[{"href":"https:\/\/www.antigua-luberri.net\/es\/wp-json\/wp\/v2\/types\/page"}],"author":[{"embeddable":true,"href":"https:\/\/www.antigua-luberri.net\/es\/wp-json\/wp\/v2\/users\/1"}],"replies":[{"embeddable":true,"href":"https:\/\/www.antigua-luberri.net\/es\/wp-json\/wp\/v2\/comments?post=5187"}],"version-history":[{"count":3,"href":"https:\/\/www.antigua-luberri.net\/es\/wp-json\/wp\/v2\/pages\/5187\/revisions"}],"predecessor-version":[{"id":5883,"href":"https:\/\/www.antigua-luberri.net\/es\/wp-json\/wp\/v2\/pages\/5187\/revisions\/5883"}],"wp:attachment":[{"href":"https:\/\/www.antigua-luberri.net\/es\/wp-json\/wp\/v2\/media?parent=5187"}],"curies":[{"name":"wp","href":"https:\/\/api.w.org\/{rel}","templated":true}]}}