{"id":3216,"date":"2018-06-26T12:48:50","date_gmt":"2018-06-26T10:48:50","guid":{"rendered":"https:\/\/www.antigua-luberri.net\/contacto\/"},"modified":"2024-06-17T10:19:10","modified_gmt":"2024-06-17T08:19:10","slug":"kontaktua","status":"publish","type":"page","link":"https:\/\/www.antigua-luberri.net\/es\/kontaktua\/","title":{"rendered":"Contacto"},"content":{"rendered":"<p>[et_pb_section fb_built=\u00bb1&#8243; _builder_version=\u00bb4.16&#8243; global_colors_info=\u00bb{}\u00bb][et_pb_row column_structure=\u00bb1_2,1_2&#8243; _builder_version=\u00bb4.16&#8243; background_size=\u00bbinitial\u00bb background_position=\u00bbtop_left\u00bb background_repeat=\u00bbrepeat\u00bb global_colors_info=\u00bb{}\u00bb][et_pb_column type=\u00bb1_2&#8243; _builder_version=\u00bb4.16&#8243; custom_padding=\u00bb|||\u00bb global_colors_info=\u00bb{}\u00bb custom_padding__hover=\u00bb|||\u00bb][et_pb_text _builder_version=\u00bb4.24.2&#8243; global_colors_info=\u00bb{}\u00bb]<\/p>\n<h2><strong>Secretar\u00eda<\/strong><\/h2>\n<p>Presencial de 8:00 a 14:00<br \/>Por tel\u00e9fono de 8:00 a 14:30<\/p>\n<h2><strong>Tel\u00e9fono y contacto<br \/><\/strong><\/h2>\n<p><strong>Tel\u00e9fono<\/strong>:&nbsp; 943 899 304<br \/><strong>Correos electr\u00f3nicos<\/strong>:<br \/>General: <a href=\"mailto:013085aa@hezkuntza.net\">013085aa@hezkuntza.net<\/a><br \/>Secretar\u00eda: <a href=\"mailto:idazkaritza@antigua-luberri.net\">idazkaritza@antigua-luberri.net<\/a><br \/>Direcci\u00f3n: <a href=\"mailto:zuzendaritza@antigua-luberri.net\">zuzendaritza@antigua-luberri.net<\/a>&nbsp;<\/p>\n<p><strong>Direcci\u00f3n:<\/strong><\/p>\n<p>Xalbador Bertsolariaren Kalea, 9 \u00b7 20018 Donostia \u00b7 Gipuzkoa<\/p>\n<p>[\/et_pb_text][\/et_pb_column][et_pb_column type=\u00bb1_2&#8243; _builder_version=\u00bb4.16&#8243; custom_padding=\u00bb|||\u00bb global_colors_info=\u00bb{}\u00bb custom_padding__hover=\u00bb|||\u00bb][et_pb_code _builder_version=\u00bb4.23.1&#8243; global_colors_info=\u00bb{}\u00bb]<iframe loading=\"lazy\" src=\"https:\/\/www.google.com\/maps\/embed?pb=!1m18!1m12!1m3!1d2903.2612139442385!2d-2.0098220843251013!3d43.30879098265058!2m3!1f0!2f0!3f0!3m2!1i1024!2i768!4f13.1!3m3!1m2!1s0xd51b074cd6b0543%3A0xaf69ecaaf5f5b1f6!2sAntigua-Luberri+Bhi!5e0!3m2!1ses!2ses!4v1532429669902\" width=\"600\" height=\"400\" frameborder=\"0\" style=\"border:0\" allowfullscreen><\/iframe>[\/et_pb_code][et_pb_divider show_divider=\u00bboff\u00bb disabled_on=\u00bbon|on|on\u00bb _builder_version=\u00bb4.23.1&#8243; disabled=\u00bbon\u00bb global_colors_info=\u00bb{}\u00bb][\/et_pb_divider][\/et_pb_column][\/et_pb_row][\/et_pb_section]<\/p>\n","protected":false},"excerpt":{"rendered":"<p>Secretar\u00eda Presencial de 8:00 a 14:00Por tel\u00e9fono de 8:00 a 14:30 Tel\u00e9fono y contacto Tel\u00e9fono:&nbsp; 943 899 304Correos electr\u00f3nicos:General: 013085aa@hezkuntza.netSecretar\u00eda: idazkaritza@antigua-luberri.netDirecci\u00f3n: zuzendaritza@antigua-luberri.net&nbsp; Direcci\u00f3n: Xalbador Bertsolariaren Kalea, 9 \u00b7 20018 Donostia \u00b7 Gipuzkoa<\/p>\n","protected":false},"author":1,"featured_media":0,"parent":0,"menu_order":0,"comment_status":"closed","ping_status":"closed","template":"","meta":{"_et_pb_use_builder":"on","_et_pb_old_content":"","_et_gb_content_width":"","footnotes":""},"class_list":["post-3216","page","type-page","status-publish","hentry"],"_links":{"self":[{"href":"https:\/\/www.antigua-luberri.net\/es\/wp-json\/wp\/v2\/pages\/3216","targetHints":{"allow":["GET"]}}],"collection":[{"href":"https:\/\/www.antigua-luberri.net\/es\/wp-json\/wp\/v2\/pages"}],"about":[{"href":"https:\/\/www.antigua-luberri.net\/es\/wp-json\/wp\/v2\/types\/page"}],"author":[{"embeddable":true,"href":"https:\/\/www.antigua-luberri.net\/es\/wp-json\/wp\/v2\/users\/1"}],"replies":[{"embeddable":true,"href":"https:\/\/www.antigua-luberri.net\/es\/wp-json\/wp\/v2\/comments?post=3216"}],"version-history":[{"count":26,"href":"https:\/\/www.antigua-luberri.net\/es\/wp-json\/wp\/v2\/pages\/3216\/revisions"}],"predecessor-version":[{"id":15432,"href":"https:\/\/www.antigua-luberri.net\/es\/wp-json\/wp\/v2\/pages\/3216\/revisions\/15432"}],"wp:attachment":[{"href":"https:\/\/www.antigua-luberri.net\/es\/wp-json\/wp\/v2\/media?parent=3216"}],"curies":[{"name":"wp","href":"https:\/\/api.w.org\/{rel}","templated":true}]}}