{"id":3193,"date":"2018-08-27T09:06:06","date_gmt":"2018-08-27T07:06:06","guid":{"rendered":"https:\/\/www.antigua-luberri.net\/servicios\/deporte-y-actividades-culturales\/"},"modified":"2021-10-20T14:09:09","modified_gmt":"2021-10-20T12:09:09","slug":"deporte-y-actividades-culturales","status":"publish","type":"page","link":"https:\/\/www.antigua-luberri.net\/es\/servicios\/deporte-y-actividades-culturales\/","title":{"rendered":"Deporte y actividades culturales"},"content":{"rendered":"<p>[et_pb_section fb_built=\u00bb1&#8243; _builder_version=\u00bb3.22&#8243;][et_pb_row _builder_version=\u00bb3.25&#8243; background_size=\u00bbinitial\u00bb background_position=\u00bbtop_left\u00bb background_repeat=\u00bbrepeat\u00bb][et_pb_column type=\u00bb4_4&#8243; _builder_version=\u00bb3.25&#8243; custom_padding=\u00bb|||\u00bb custom_padding__hover=\u00bb|||\u00bb][et_pb_testimonial quote_icon_color=\u00bb#1b7eac\u00bb _builder_version=\u00bb3.2&#8243; body_text_color=\u00bb#b13971&#8243; body_font_size=\u00bb18&#8243; background_color=\u00bb#ebf0f6&#8243;]<\/p>\n<p style=\"text-align: center;\"><em>\u00abActividad f\u00edsica y deporte: una vida activa para una sociedad sana\u00bb<\/em><\/p>\n<p>[\/et_pb_testimonial][\/et_pb_column][\/et_pb_row][et_pb_row _builder_version=\u00bb3.25&#8243; column_structure=\u00bb1_2,1_2&#8243;][et_pb_column type=\u00bb1_2&#8243; _builder_version=\u00bb3.25&#8243; custom_padding=\u00bb|||\u00bb custom_padding__hover=\u00bb|||\u00bb][et_pb_text _builder_version=\u00bb3.27.4&#8243;]<\/p>\n<p style=\"text-align: justify;\">El \u00e1rea deportiva se encuadra dentro de las actividades y funciones que desarrolla la Asociaci\u00f3n de Madres y Padres Bostak Guraso Elkartea,del instituto Antigua-Luberri. En esta secci\u00f3n se promociona la actividad deportiva, tanto en el \u00e1mbito de la competici\u00f3n, cuando se trata de deportes mayoritarios, como en el \u00e1mbito de la iniciaci\u00f3n a deportes m\u00e1s minoritarios.<\/p>\n<p style=\"text-align: justify;\">A trav\u00e9s de Antigua-Luberri Kirol Elkartea, se ofrece a todos los alumnos del instituto la posibilidad de participar en los equipos de f\u00fatbol, baloncesto y gimnasia r\u00edtmica, y\/o iniciarse en un deporte mediante nuestra actividad \u00abDeporte de aventura\u00bb, que consiste en realizar cursos de submarinismo, vela, surf, h\u00edpica, tiro con arco, billar, karting, pesca, etc.<\/p>\n<p style=\"text-align: justify;\">Estamos siempre dispuestos a considerar cualquier propuesta sobre nuestras actividades y a valorar su viabilidad.<\/p>\n<p>[\/et_pb_text][\/et_pb_column][et_pb_column type=\u00bb1_2&#8243; _builder_version=\u00bb3.25&#8243; custom_padding=\u00bb|||\u00bb custom_padding__hover=\u00bb|||\u00bb][et_pb_image src=\u00bbhttps:\/\/www.antigua-luberri.net\/wp-content\/uploads\/2018\/06\/KULTUR-ETA-KIROL-EKINTZAK.jpg\u00bb align_tablet=\u00bbcenter\u00bb align_last_edited=\u00bbon|desktop\u00bb _builder_version=\u00bb3.23&#8243; always_center_on_mobile=\u00bbon\u00bb][\/et_pb_image][\/et_pb_column][\/et_pb_row][et_pb_row _builder_version=\u00bb3.25&#8243; background_size=\u00bbinitial\u00bb background_position=\u00bbtop_left\u00bb background_repeat=\u00bbrepeat\u00bb][et_pb_column type=\u00bb4_4&#8243; _builder_version=\u00bb3.25&#8243; custom_padding=\u00bb|||\u00bb custom_padding__hover=\u00bb|||\u00bb][et_pb_cta title=\u00bbPARA M\u00c1S INFORMACI\u00d3N\u00bb button_url=\u00bbhttps:\/\/www.luberrikirola.com\/\u00bb url_new_window=\u00bbon\u00bb button_text=\u00bbentra aqu\u00ed!\u00bb _builder_version=\u00bb3.16&#8243; background_color=\u00bb#ebf0f6&#8243; button_text_size__hover_enabled=\u00bboff\u00bb button_one_text_size__hover_enabled=\u00bboff\u00bb button_two_text_size__hover_enabled=\u00bboff\u00bb button_text_color__hover_enabled=\u00bboff\u00bb button_one_text_color__hover_enabled=\u00bboff\u00bb button_two_text_color__hover_enabled=\u00bboff\u00bb button_border_width__hover_enabled=\u00bboff\u00bb button_one_border_width__hover_enabled=\u00bboff\u00bb button_two_border_width__hover_enabled=\u00bboff\u00bb button_border_color__hover_enabled=\u00bboff\u00bb button_one_border_color__hover_enabled=\u00bboff\u00bb button_two_border_color__hover_enabled=\u00bboff\u00bb button_border_radius__hover_enabled=\u00bboff\u00bb button_one_border_radius__hover_enabled=\u00bboff\u00bb button_two_border_radius__hover_enabled=\u00bboff\u00bb button_letter_spacing__hover_enabled=\u00bboff\u00bb button_one_letter_spacing__hover_enabled=\u00bboff\u00bb button_two_letter_spacing__hover_enabled=\u00bboff\u00bb button_bg_color__hover_enabled=\u00bboff\u00bb button_one_bg_color__hover_enabled=\u00bboff\u00bb button_two_bg_color__hover_enabled=\u00bboff\u00bb][\/et_pb_cta][\/et_pb_column][\/et_pb_row][et_pb_row _builder_version=\u00bb3.25&#8243; background_color=\u00bb#ebf0f6&#8243;][et_pb_column type=\u00bb4_4&#8243; _builder_version=\u00bb3.25&#8243; custom_padding=\u00bb|||\u00bb custom_padding__hover=\u00bb|||\u00bb][et_pb_text _builder_version=\u00bb3.27.4&#8243;]<\/p>\n<h3 style=\"text-align: center;\"><b>CONTACTA<\/b><\/h3>\n<p style=\"text-align: center;\">Lander<br \/>\nCoordinador<br \/>\nXalbador bertsolaria kalea 9, 20018 Donostia<\/p>\n<p>[\/et_pb_text][\/et_pb_column][\/et_pb_row][et_pb_row _builder_version=\u00bb3.25&#8243; background_color=\u00bb#ebf0f6&#8243; column_structure=\u00bb1_4,1_4,1_4,1_4&#8243;][et_pb_column type=\u00bb1_4&#8243; _builder_version=\u00bb3.25&#8243; custom_padding=\u00bb|||\u00bb custom_padding__hover=\u00bb|||\u00bb][et_pb_text _builder_version=\u00bb3.27.4&#8243;]<\/p>\n<p style=\"text-align: center;\"><a href=\"https:\/\/www.antigua-luberri.net\/zerbitzuak\/kirola-eta-kultur-ekintzak\/whatsapp-logo\/\" target=\"_blank\" rel=\"attachment wp-att-2714 noopener\"><img loading=\"lazy\" decoding=\"async\" class=\"aligncenter wp-image-2714\" src=\"https:\/\/www.antigua-luberri.net\/wp-content\/uploads\/2018\/07\/Whatsapp-Logo.png\" alt=\"Whatsapp-Logo\" width=\"60\" height=\"60\"><\/a><a href=\"https:\/\/web.whatsapp.com\/\" target=\"_blank\" rel=\"noopener\">628 498 679<\/a><\/p>\n<p>[\/et_pb_text][\/et_pb_column][et_pb_column _builder_version=\u00bb4.9.4&#8243; _module_preset=\u00bbdefault\u00bb type=\u00bb1_4&#8243;][et_pb_text _builder_version=\u00bb4.9.4&#8243; text_orientation=\u00bbcenter\u00bb module_alignment=\u00bbcenter\u00bb hover_enabled=\u00bb0&#8243; sticky_enabled=\u00bb0&#8243;]<\/p>\n<p style=\"text-align: center;\"><img loading=\"lazy\" decoding=\"async\" src=\"https:\/\/d500.epimg.net\/cincodias\/imagenes\/2017\/01\/18\/pymes\/1484736749_881058_1484738014_noticia_normal.jpg\" alt=\"C\u00f3mo guardar uno o varios mensajes de Gmail en PDF con Chrome | Pymes |  Cinco D\u00edas\" width=\"95\" height=\"62\" \/><\/p>\n<p style=\"text-align: center;\">\u00a0\u00a0\u00a0 <a href=\"mailto:luberrikirola@gmail.com\">luberrikirola@gmail.com<\/a><\/p>\n<p>[\/et_pb_text][\/et_pb_column][et_pb_column type=\u00bb1_4&#8243; _builder_version=\u00bb3.25&#8243; custom_padding=\u00bb|||\u00bb custom_padding__hover=\u00bb|||\u00bb][et_pb_text _builder_version=\u00bb3.27.4&#8243; text_orientation=\u00bbcenter\u00bb module_alignment=\u00bbcenter\u00bb]<\/p>\n<p style=\"text-align: center;\"><a href=\"http:\/\/www.luberrikirola.com\/\" target=\"_blank\" rel=\"attachment wp-att-2715 noopener\"><img loading=\"lazy\" decoding=\"async\" class=\"aligncenter wp-image-2715\" src=\"https:\/\/www.antigua-luberri.net\/wp-content\/uploads\/2018\/07\/LuberriKirola-Logo.png\" alt=\"LuberriKirola-Logo\" width=\"60\" height=\"60\"><\/a><a href=\"http:\/\/www.luberrikirola.com\/\" target=\"_blank\" rel=\"noopener\">www.luberrikirola.com<\/a><\/p>\n<p>[\/et_pb_text][\/et_pb_column][et_pb_column type=\u00bb1_4&#8243; _builder_version=\u00bb3.25&#8243; custom_padding=\u00bb|||\u00bb custom_padding__hover=\u00bb|||\u00bb][et_pb_text _builder_version=\u00bb3.27.4&#8243;]<\/p>\n<p style=\"text-align: center;\"><a href=\"https:\/\/twitter.com\/\" target=\"_blank\" rel=\"attachment wp-att-2713 noopener\"><img loading=\"lazy\" decoding=\"async\" class=\"aligncenter wp-image-2713\" src=\"https:\/\/www.antigua-luberri.net\/wp-content\/uploads\/2018\/07\/Twiter-Logo.png\" alt=\"Twiter-Logo\" width=\"60\" height=\"60\"><\/a><a href=\"https:\/\/twitter.com\/\" target=\"_blank\" rel=\"noopener\">@luberrikirola<\/a><\/p>\n<p>[\/et_pb_text][\/et_pb_column][\/et_pb_row][\/et_pb_section]<\/p>\n","protected":false},"excerpt":{"rendered":"<p>\u00abActividad f\u00edsica y deporte: una vida activa para una sociedad sana\u00bb El \u00e1rea deportiva se encuadra dentro de las actividades y funciones que desarrolla la Asociaci\u00f3n de Madres y Padres Bostak Guraso Elkartea,del instituto Antigua-Luberri. En esta secci\u00f3n se promociona la actividad deportiva, tanto en el \u00e1mbito de la competici\u00f3n, cuando se trata de deportes [&hellip;]<\/p>\n","protected":false},"author":1,"featured_media":0,"parent":3150,"menu_order":0,"comment_status":"closed","ping_status":"closed","template":"","meta":{"_et_pb_use_builder":"on","_et_pb_old_content":"","_et_gb_content_width":"","footnotes":""},"class_list":["post-3193","page","type-page","status-publish","hentry"],"_links":{"self":[{"href":"https:\/\/www.antigua-luberri.net\/es\/wp-json\/wp\/v2\/pages\/3193","targetHints":{"allow":["GET"]}}],"collection":[{"href":"https:\/\/www.antigua-luberri.net\/es\/wp-json\/wp\/v2\/pages"}],"about":[{"href":"https:\/\/www.antigua-luberri.net\/es\/wp-json\/wp\/v2\/types\/page"}],"author":[{"embeddable":true,"href":"https:\/\/www.antigua-luberri.net\/es\/wp-json\/wp\/v2\/users\/1"}],"replies":[{"embeddable":true,"href":"https:\/\/www.antigua-luberri.net\/es\/wp-json\/wp\/v2\/comments?post=3193"}],"version-history":[{"count":9,"href":"https:\/\/www.antigua-luberri.net\/es\/wp-json\/wp\/v2\/pages\/3193\/revisions"}],"predecessor-version":[{"id":9211,"href":"https:\/\/www.antigua-luberri.net\/es\/wp-json\/wp\/v2\/pages\/3193\/revisions\/9211"}],"up":[{"embeddable":true,"href":"https:\/\/www.antigua-luberri.net\/es\/wp-json\/wp\/v2\/pages\/3150"}],"wp:attachment":[{"href":"https:\/\/www.antigua-luberri.net\/es\/wp-json\/wp\/v2\/media?parent=3193"}],"curies":[{"name":"wp","href":"https:\/\/api.w.org\/{rel}","templated":true}]}}