{"id":3161,"date":"2018-08-23T13:30:35","date_gmt":"2018-08-23T11:30:35","guid":{"rendered":"https:\/\/www.antigua-luberri.net\/servicios\/transporte\/"},"modified":"2019-02-15T13:58:59","modified_gmt":"2019-02-15T12:58:59","slug":"transporte","status":"publish","type":"page","link":"https:\/\/www.antigua-luberri.net\/es\/servicios\/transporte\/","title":{"rendered":"Transporte"},"content":{"rendered":"<p>[et_pb_section bb_built=\u00bb1&#8243;][et_pb_row][et_pb_column type=\u00bb1_2&#8243;][et_pb_text _builder_version=\u00bb3.0.84&#8243; background_layout=\u00bblight\u00bb]<\/p>\n<h2>EN AUTOB\u00daS O EN BICICLETA<\/h2>\n<p style=\"text-align: justify;\">El IES Antigua-Luberri presta servicio de transporte escolar. Es el Departamento de Educaci\u00f3n quien establece los criterios normativos de transporte escolar, seg\u00fan los cuales suministra los recursos y subvenciones procedentes.<\/p>\n<p style=\"text-align: justify;\">El alumnado que no hace uso del transporte escolar utiliza medios de desplazamiento p\u00fablicos o privados, pero Antigua-Luberri promueve los traslados a pie o en bicicleta. Se busca restringir el uso del veh\u00edculo motorizado, para mejorar la calidad de vida y la seguridad vial, y para aumentar la autonom\u00eda del alumnado. En definitiva, el objetivo es recuperar el espacio p\u00fablico para las personas. Con ese objetivo, el instituto dispone de un aparcamiento para bicicletas dentro del recinto escolar.<\/p>\n<p>[\/et_pb_text][\/et_pb_column][et_pb_column type=\u00bb1_2&#8243;][et_pb_image _builder_version=\u00bb3.0.84&#8243; src=\u00bbhttps:\/\/www.antigua-luberri.net\/wp-content\/uploads\/2018\/06\/AntiguaLuberri_Garraioa.jpg\u00bb show_in_lightbox=\u00bboff\u00bb url_new_window=\u00bboff\u00bb use_overlay=\u00bboff\u00bb always_center_on_mobile=\u00bbon\u00bb use_border_color=\u00bbon\u00bb border_color=\u00bb#b13971&#8243; force_fullwidth=\u00bboff\u00bb show_bottom_space=\u00bbon\u00bb \/][\/et_pb_column][\/et_pb_row][\/et_pb_section]<\/p>\n","protected":false},"excerpt":{"rendered":"<p><div class=\"et_pb_row et_pb_row_0 et_pb_row_empty\">\n\t\t\t\t\n\t\t\t\t\n\t\t\t\t\n\t\t\t\t\n\t\t\t\t\n\t\t\t<\/div> EN AUTOB\u00daS O EN BICICLETA El IES Antigua-Luberri presta servicio de transporte escolar. Es el Departamento de Educaci\u00f3n quien establece los criterios normativos de transporte escolar, seg\u00fan los cuales suministra los recursos y subvenciones procedentes. El alumnado que no hace uso del transporte escolar utiliza medios de desplazamiento p\u00fablicos o privados, pero Antigua-Luberri promueve [&hellip;]<\/p>\n","protected":false},"author":1,"featured_media":0,"parent":3150,"menu_order":0,"comment_status":"closed","ping_status":"closed","template":"","meta":{"_et_pb_use_builder":"on","_et_pb_old_content":"","_et_gb_content_width":"","footnotes":""},"class_list":["post-3161","page","type-page","status-publish","hentry"],"_links":{"self":[{"href":"https:\/\/www.antigua-luberri.net\/es\/wp-json\/wp\/v2\/pages\/3161","targetHints":{"allow":["GET"]}}],"collection":[{"href":"https:\/\/www.antigua-luberri.net\/es\/wp-json\/wp\/v2\/pages"}],"about":[{"href":"https:\/\/www.antigua-luberri.net\/es\/wp-json\/wp\/v2\/types\/page"}],"author":[{"embeddable":true,"href":"https:\/\/www.antigua-luberri.net\/es\/wp-json\/wp\/v2\/users\/1"}],"replies":[{"embeddable":true,"href":"https:\/\/www.antigua-luberri.net\/es\/wp-json\/wp\/v2\/comments?post=3161"}],"version-history":[{"count":3,"href":"https:\/\/www.antigua-luberri.net\/es\/wp-json\/wp\/v2\/pages\/3161\/revisions"}],"predecessor-version":[{"id":5342,"href":"https:\/\/www.antigua-luberri.net\/es\/wp-json\/wp\/v2\/pages\/3161\/revisions\/5342"}],"up":[{"embeddable":true,"href":"https:\/\/www.antigua-luberri.net\/es\/wp-json\/wp\/v2\/pages\/3150"}],"wp:attachment":[{"href":"https:\/\/www.antigua-luberri.net\/es\/wp-json\/wp\/v2\/media?parent=3161"}],"curies":[{"name":"wp","href":"https:\/\/api.w.org\/{rel}","templated":true}]}}