{"id":3048,"date":"2018-08-23T11:26:08","date_gmt":"2018-08-23T09:26:08","guid":{"rendered":"https:\/\/www.antigua-luberri.net\/aat\/"},"modified":"2024-02-21T11:32:09","modified_gmt":"2024-02-21T10:32:09","slug":"aat","status":"publish","type":"page","link":"https:\/\/www.antigua-luberri.net\/es\/estudios\/aat\/","title":{"rendered":"AAT"},"content":{"rendered":"<p>[et_pb_section fb_built=\u00bb1&#8243; _builder_version=\u00bb4.16&#8243; global_colors_info=\u00bb{}\u00bb][et_pb_row _builder_version=\u00bb4.16&#8243; global_colors_info=\u00bb{}\u00bb][et_pb_column type=\u00bb4_4&#8243; _builder_version=\u00bb4.16&#8243; custom_padding=\u00bb|||\u00bb global_colors_info=\u00bb{}\u00bb custom_padding__hover=\u00bb|||\u00bb][et_pb_testimonial quote_icon_color=\u00bb#06628f\u00bb _builder_version=\u00bb4.16&#8243; body_text_color=\u00bb#b13971&#8243; body_font_size=\u00bb18&#8243; background_color=\u00bb#ebf0f6&#8243; global_colors_info=\u00bb{}\u00bb]<\/p>\n<p style=\"text-align: center;\"><em>\u00abTransici\u00f3n a la vida adulta\u00bb<\/em><\/p>\n<p>[\/et_pb_testimonial][\/et_pb_column][\/et_pb_row][et_pb_row _builder_version=\u00bb4.16&#8243; background_size=\u00bbinitial\u00bb background_position=\u00bbtop_left\u00bb background_repeat=\u00bbrepeat\u00bb global_colors_info=\u00bb{}\u00bb column_structure=\u00bb1_2,1_2&#8243;][et_pb_column type=\u00bb1_2&#8243; _builder_version=\u00bb4.16&#8243; custom_padding=\u00bb|||\u00bb global_colors_info=\u00bb{}\u00bb custom_padding__hover=\u00bb|||\u00bb][et_pb_image src=\u00bbhttps:\/\/www.antigua-luberri.net\/wp-content\/uploads\/2018\/07\/Antigua-Luberri_ZIG-AAT.jpg\u00bb align_tablet=\u00bbcenter\u00bb align_last_edited=\u00bbon|desktop\u00bb _builder_version=\u00bb4.16&#8243; border_width_all=\u00bb0px\u00bb border_color_all=\u00bb#ee0070&#8243; border_style_all=\u00bbsolid\u00bb use_border_color=\u00bbon\u00bb border_color=\u00bb#ee0070&#8243; always_center_on_mobile=\u00bbon\u00bb global_colors_info=\u00bb{}\u00bb align_phone=\u00bbcenter\u00bb][\/et_pb_image][et_pb_text _builder_version=\u00bb4.16&#8243; global_colors_info=\u00bb{}\u00bb]<\/p>\n<h2 style=\"text-align: justify;\"><b>\u00c1REAS DE FORMACI\u00d3N<\/b><\/h2>\n<p style=\"text-align: justify;\">\u00c1mbito de habilidades sociales e ilntervenci\u00f3n socio-comunitaria<br \/>\nActividades complementarias (salidas culturales, pedag\u00f3gicas y deportivas)<\/p>\n<h2 style=\"text-align: justify;\"><b> ACTIVIDADES EXTRAESCOLARES<\/b><\/h2>\n<p style=\"text-align: justify;\">F\u00fatbol<br \/>\nRugby<br \/>\nNataci\u00f3n<br \/>\nTeatro<br \/>\n*Continua relaci\u00f3n con la Federaci\u00f3n del Deporte Adaptado<\/p>\n<p>[\/et_pb_text][\/et_pb_column][et_pb_column type=\u00bb1_2&#8243; _builder_version=\u00bb4.16&#8243; custom_padding=\u00bb|||\u00bb global_colors_info=\u00bb{}\u00bb custom_padding__hover=\u00bb|||\u00bb][et_pb_text _builder_version=\u00bb4.24.0&#8243; hover_enabled=\u00bb0&#8243; global_colors_info=\u00bb{}\u00bb sticky_enabled=\u00bb0&#8243;]<\/p>\n<h2 style=\"text-align: justify;\"><b>\u00bfQU\u00c9 ES AAT?<\/b><\/h2>\n<p style=\"text-align: justify;\">El aula de aprendizaje de Tareas es un recurso educativo destinado a j\u00f3venes con NEE (16-20 a\u00f1os), que sirve de transici\u00f3n del per\u00edodo educativo a la vida adulta y laboral.<\/p>\n<p>[\/et_pb_text][et_pb_text _builder_version=\u00bb4.16&#8243; global_colors_info=\u00bb{}\u00bb]<\/p>\n<h2 style=\"text-align: justify;\"><b>OBJETIVO<\/b><\/h2>\n<p style=\"text-align: justify;\">Su objetivo es lograr las competencias necesarias para lograr su desarrollo personal y su adecuada integraci\u00f3n social y laboral.<\/p>\n<h2 style=\"text-align: justify;\">TRABAJAMOS<\/h2>\n<p style=\"text-align: justify;\">Desarrollo acad\u00e9mico del alumno\/a adaptado a sus capacidades y necesidades educativas.<br \/>\nAutonom\u00eda personal.<br \/>\nDesarrollo psicomotriz espec\u00edfico (nataci\u00f3n, bicicleta,&#8230;).<br \/>\nIntegraci\u00f3n en el entorno y convivencia comentando las relaciones de amigos para su tiempo libre fuera del \u00e1mbito escolar.<br \/>\nAprendizaje prelaboral.<br \/>\nPr\u00e1cticas laborales tuteladas.<\/p>\n<h2 style=\"text-align: justify;\">TALLERES<\/h2>\n<p style=\"text-align: justify;\">Cocina<br \/>\nCarpinter\u00eda<br \/>\nCostura<br \/>\nInform\u00e1tica<br \/>\nCester\u00eda<\/p>\n<p>[\/et_pb_text][\/et_pb_column][\/et_pb_row][et_pb_row _builder_version=\u00bb4.16&#8243; background_color=\u00bbebf0f6&#8243; global_colors_info=\u00bb{}\u00bb][et_pb_column type=\u00bb4_4&#8243; _builder_version=\u00bb4.16&#8243; custom_padding=\u00bb|||\u00bb global_colors_info=\u00bb{}\u00bb custom_padding__hover=\u00bb|||\u00bb][et_pb_cta button_url=\u00bbhttp:\/\/antigualuberrizig.blogspot.com\/\u00bb url_new_window=\u00bbon\u00bb button_text=\u00bbvisita nuestro blog!\u00bb _builder_version=\u00bb4.16&#8243; background_color=\u00bb#ebf0f6&#8243; global_colors_info=\u00bb{}\u00bb button_text_size__hover_enabled=\u00bboff\u00bb button_one_text_size__hover_enabled=\u00bboff\u00bb button_two_text_size__hover_enabled=\u00bboff\u00bb button_text_color__hover_enabled=\u00bboff\u00bb button_one_text_color__hover_enabled=\u00bboff\u00bb button_two_text_color__hover_enabled=\u00bboff\u00bb button_border_width__hover_enabled=\u00bboff\u00bb button_one_border_width__hover_enabled=\u00bboff\u00bb button_two_border_width__hover_enabled=\u00bboff\u00bb button_border_color__hover_enabled=\u00bboff\u00bb button_one_border_color__hover_enabled=\u00bboff\u00bb button_two_border_color__hover_enabled=\u00bboff\u00bb button_border_radius__hover_enabled=\u00bboff\u00bb button_one_border_radius__hover_enabled=\u00bboff\u00bb button_two_border_radius__hover_enabled=\u00bboff\u00bb button_letter_spacing__hover_enabled=\u00bboff\u00bb button_one_letter_spacing__hover_enabled=\u00bboff\u00bb button_two_letter_spacing__hover_enabled=\u00bboff\u00bb button_bg_color__hover_enabled=\u00bboff\u00bb button_one_bg_color__hover_enabled=\u00bboff\u00bb button_two_bg_color__hover_enabled=\u00bboff\u00bb][\/et_pb_cta][\/et_pb_column][\/et_pb_row][\/et_pb_section]<\/p>\n","protected":false},"excerpt":{"rendered":"<p>\u00abTransici\u00f3n a la vida adulta\u00bb \u00c1REAS DE FORMACI\u00d3N \u00c1mbito de habilidades sociales e ilntervenci\u00f3n socio-comunitaria Actividades complementarias (salidas culturales, pedag\u00f3gicas y deportivas) ACTIVIDADES EXTRAESCOLARES F\u00fatbol Rugby Nataci\u00f3n Teatro *Continua relaci\u00f3n con la Federaci\u00f3n del Deporte Adaptado \u00bfQU\u00c9 ES AAT? El aula de aprendizaje de Tareas es un recurso educativo destinado a j\u00f3venes con NEE (16-20 [&hellip;]<\/p>\n","protected":false},"author":1,"featured_media":0,"parent":3067,"menu_order":0,"comment_status":"closed","ping_status":"closed","template":"","meta":{"_et_pb_use_builder":"on","_et_pb_old_content":"","_et_gb_content_width":"","footnotes":""},"class_list":["post-3048","page","type-page","status-publish","hentry"],"_links":{"self":[{"href":"https:\/\/www.antigua-luberri.net\/es\/wp-json\/wp\/v2\/pages\/3048","targetHints":{"allow":["GET"]}}],"collection":[{"href":"https:\/\/www.antigua-luberri.net\/es\/wp-json\/wp\/v2\/pages"}],"about":[{"href":"https:\/\/www.antigua-luberri.net\/es\/wp-json\/wp\/v2\/types\/page"}],"author":[{"embeddable":true,"href":"https:\/\/www.antigua-luberri.net\/es\/wp-json\/wp\/v2\/users\/1"}],"replies":[{"embeddable":true,"href":"https:\/\/www.antigua-luberri.net\/es\/wp-json\/wp\/v2\/comments?post=3048"}],"version-history":[{"count":7,"href":"https:\/\/www.antigua-luberri.net\/es\/wp-json\/wp\/v2\/pages\/3048\/revisions"}],"predecessor-version":[{"id":14275,"href":"https:\/\/www.antigua-luberri.net\/es\/wp-json\/wp\/v2\/pages\/3048\/revisions\/14275"}],"up":[{"embeddable":true,"href":"https:\/\/www.antigua-luberri.net\/es\/wp-json\/wp\/v2\/pages\/3067"}],"wp:attachment":[{"href":"https:\/\/www.antigua-luberri.net\/es\/wp-json\/wp\/v2\/media?parent=3048"}],"curies":[{"name":"wp","href":"https:\/\/api.w.org\/{rel}","templated":true}]}}