{"id":3021,"date":"2018-08-23T10:41:20","date_gmt":"2018-08-23T08:41:20","guid":{"rendered":"https:\/\/www.antigua-luberri.net\/bachillerato\/"},"modified":"2019-02-19T11:26:06","modified_gmt":"2019-02-19T10:26:06","slug":"bachillerato","status":"publish","type":"page","link":"https:\/\/www.antigua-luberri.net\/es\/bachillerato\/","title":{"rendered":"Bachillerato"},"content":{"rendered":"<p>[et_pb_section bb_built=\u00bb1&#8243;][et_pb_row][et_pb_column type=\u00bb1_2&#8243;][et_pb_divider _builder_version=\u00bb3.0.84&#8243; show_divider=\u00bboff\u00bb \/][et_pb_image _builder_version=\u00bb3.0.84&#8243; src=\u00bbhttps:\/\/www.antigua-luberri.net\/wp-content\/uploads\/2018\/06\/Antigua-Luberri_Batx.jpg\u00bb show_in_lightbox=\u00bboff\u00bb url_new_window=\u00bboff\u00bb use_overlay=\u00bboff\u00bb always_center_on_mobile=\u00bbon\u00bb force_fullwidth=\u00bboff\u00bb show_bottom_space=\u00bbon\u00bb use_border_color=\u00bbon\u00bb border_color=\u00bb#b13971&#8243; \/][\/et_pb_column][et_pb_column type=\u00bb1_2&#8243;][et_pb_text _builder_version=\u00bb3.0.84&#8243; background_layout=\u00bblight\u00bb]<\/p>\n<p style=\"text-align: justify;\">El Bachillerato es la \u00faltima etapa de la Ense\u00f1anza Secundaria. Su duraci\u00f3n es de dos a\u00f1os, y est\u00e1 estrechamente relacionado, por un lado, con los estudios universitarios y, por otro, con los Ciclos Formativos de Grado Superior.<\/p>\n<p>&nbsp;<\/p>\n<h2>\u00bfCu\u00e1l es la finalidad de los aprendizajes de esta etapa?<\/h2>\n<ul>\n<li>Proporcionarte formacio\u0301n, madurez intelectual y humana, conocimientos y destrezas que te permita progresar en su desarrollo personal y social.<\/li>\n<li>Propocionarte conocimientos que te permitan incorporarte a la educacio\u0301n superior.<\/li>\n<li>Ayudarte a encauzar tus estudios, considerando tus prioridades y opciones.<\/li>\n<\/ul>\n<p>[\/et_pb_text][\/et_pb_column][\/et_pb_row][et_pb_row _builder_version=\u00bb3.0.84&#8243; box_shadow_color=\u00bb#ee0070&#8243;][et_pb_column type=\u00bb4_4&#8243;][et_pb_text _builder_version=\u00bb3.0.84&#8243; background_layout=\u00bblight\u00bb]<\/p>\n<h2 style=\"text-align: center;\">Modalidades<\/h2>\n<p>[\/et_pb_text][\/et_pb_column][\/et_pb_row][et_pb_row _builder_version=\u00bb3.0.84&#8243;][et_pb_column type=\u00bb1_2&#8243;][et_pb_text _builder_version=\u00bb3.0.84&#8243; background_layout=\u00bblight\u00bb background_color=\u00bb#ebf0f6&#8243;]<\/p>\n<h3 style=\"text-align: center;\"><\/h3>\n<h3 style=\"text-align: center;\"><span style=\"color: #1b7eac;\">Bachillerato de <\/span><\/h3>\n<h3 style=\"text-align: center;\"><span style=\"color: #1b7eac;\">Ciencias<\/span><\/h3>\n<h3 style=\"text-align: center;\"><\/h3>\n<p>[\/et_pb_text][\/et_pb_column][et_pb_column type=\u00bb1_2&#8243;][et_pb_text _builder_version=\u00bb3.0.84&#8243; background_layout=\u00bblight\u00bb background_color=\u00bb#ebf0f6&#8243;]<\/p>\n<h3 style=\"text-align: center;\"><\/h3>\n<h3 style=\"text-align: center;\"><span style=\"color: #1b7eac;\">Bachillerato de <\/span><\/h3>\n<h3 style=\"text-align: center;\"><span style=\"color: #1b7eac;\">Humanidades y Ciencias Sociales<br \/>\n<\/span><\/h3>\n<h3 style=\"text-align: center;\"><\/h3>\n<p>[\/et_pb_text][\/et_pb_column][\/et_pb_row][et_pb_row _builder_version=\u00bb3.0.84&#8243; box_shadow_color=\u00bb#ee0070&#8243;][et_pb_column type=\u00bb4_4&#8243;][et_pb_text _builder_version=\u00bb3.0.84&#8243; background_layout=\u00bblight\u00bb]<\/p>\n<h2 style=\"text-align: center;\"><b>Horas y materias<\/b><\/h2>\n<p>[\/et_pb_text][\/et_pb_column][\/et_pb_row][et_pb_row _builder_version=\u00bb3.0.84&#8243; background_color=\u00bb#ebf0f6&#8243;][et_pb_column type=\u00bb4_4&#8243;][et_pb_cta _builder_version=\u00bb3.0.84&#8243; title=\u00bbVER DOCUMENTO\u00bb button_text=\u00bbaqu\u00ed!\u00bb button_url=\u00bbhttps:\/\/www.antigua-luberri.net\/wp-content\/uploads\/2018\/07\/IKASKETAK-BATXILERGOA_Antigua-Luberri.pdf\u00bb url_new_window=\u00bbon\u00bb background_color=\u00bb#ebf0f6&#8243; use_background_color=\u00bbon\u00bb background_layout=\u00bbdark\u00bb custom_button=\u00bboff\u00bb button_icon_placement=\u00bbright\u00bb \/][et_pb_text _builder_version=\u00bb3.0.84&#8243; background_layout=\u00bblight\u00bb]<\/p>\n<p style=\"text-align: center;\">Adem\u00e1s nuestro alumnado puede optar por el <a href=\"https:\/\/www.antigua-luberri.net\/bachillerato-plurilingue-ingles\/?lang=es\">BACHILLERATO PLURILING\u00dcE<\/a> en cualquiera de las modalidades.<\/p>\n<p>&nbsp;<\/p>\n<p>[\/et_pb_text][\/et_pb_column][\/et_pb_row][\/et_pb_section]<\/p>\n","protected":false},"excerpt":{"rendered":"<p><div class=\"et_pb_row et_pb_row_0 et_pb_row_empty\">\n\t\t\t\t\n\t\t\t\t\n\t\t\t\t\n\t\t\t\t\n\t\t\t\t\n\t\t\t<\/div> El Bachillerato es la \u00faltima etapa de la Ense\u00f1anza Secundaria. Su duraci\u00f3n es de dos a\u00f1os, y est\u00e1 estrechamente relacionado, por un lado, con los estudios universitarios y, por otro, con los Ciclos Formativos de Grado Superior. &nbsp; \u00bfCu\u00e1l es la finalidad de los aprendizajes de esta etapa? Proporcionarte formacio\u0301n, madurez intelectual y humana, [&hellip;]<\/p>\n","protected":false},"author":1,"featured_media":0,"parent":0,"menu_order":0,"comment_status":"closed","ping_status":"closed","template":"","meta":{"_et_pb_use_builder":"on","_et_pb_old_content":"","_et_gb_content_width":"","footnotes":""},"class_list":["post-3021","page","type-page","status-publish","hentry"],"_links":{"self":[{"href":"https:\/\/www.antigua-luberri.net\/es\/wp-json\/wp\/v2\/pages\/3021","targetHints":{"allow":["GET"]}}],"collection":[{"href":"https:\/\/www.antigua-luberri.net\/es\/wp-json\/wp\/v2\/pages"}],"about":[{"href":"https:\/\/www.antigua-luberri.net\/es\/wp-json\/wp\/v2\/types\/page"}],"author":[{"embeddable":true,"href":"https:\/\/www.antigua-luberri.net\/es\/wp-json\/wp\/v2\/users\/1"}],"replies":[{"embeddable":true,"href":"https:\/\/www.antigua-luberri.net\/es\/wp-json\/wp\/v2\/comments?post=3021"}],"version-history":[{"count":15,"href":"https:\/\/www.antigua-luberri.net\/es\/wp-json\/wp\/v2\/pages\/3021\/revisions"}],"predecessor-version":[{"id":5436,"href":"https:\/\/www.antigua-luberri.net\/es\/wp-json\/wp\/v2\/pages\/3021\/revisions\/5436"}],"wp:attachment":[{"href":"https:\/\/www.antigua-luberri.net\/es\/wp-json\/wp\/v2\/media?parent=3021"}],"curies":[{"name":"wp","href":"https:\/\/api.w.org\/{rel}","templated":true}]}}