{"id":3004,"date":"2018-08-23T10:29:46","date_gmt":"2018-08-23T08:29:46","guid":{"rendered":"https:\/\/www.antigua-luberri.net\/eso-multilingue-frances\/"},"modified":"2019-06-18T13:20:32","modified_gmt":"2019-06-18T11:20:32","slug":"el-proyecto-de-frances-en-la-eso","status":"publish","type":"page","link":"https:\/\/www.antigua-luberri.net\/es\/el-proyecto-de-frances-en-la-eso\/","title":{"rendered":"EL PROYECTO DE FRANC\u00c9S EN LA ESO"},"content":{"rendered":"<p>[et_pb_section bb_built=\u00bb1&#8243;][et_pb_row][et_pb_column type=\u00bb1_2&#8243;][et_pb_divider _builder_version=\u00bb3.0.84&#8243; show_divider=\u00bboff\u00bb \/][et_pb_image _builder_version=\u00bb3.0.84&#8243; src=\u00bbhttps:\/\/www.antigua-luberri.net\/wp-content\/uploads\/2018\/06\/AntiguaLuberri_DBHeleanitza_.jpg\u00bb show_in_lightbox=\u00bboff\u00bb url_new_window=\u00bboff\u00bb use_overlay=\u00bboff\u00bb always_center_on_mobile=\u00bbon\u00bb force_fullwidth=\u00bboff\u00bb show_bottom_space=\u00bbon\u00bb use_border_color=\u00bbon\u00bb border_color=\u00bb#b13971&#8243; \/][\/et_pb_column][et_pb_column type=\u00bb1_2&#8243;][et_pb_text _builder_version=\u00bb3.0.84&#8243; background_layout=\u00bblight\u00bb]<\/p>\n<p style=\"text-align: justify;\">El proyecto de franc\u00e9s consiste en cursar algunas asignaturas en franc\u00e9s en el segundo ciclo de la E.S.O. En el primer ciclo se ofrecen dos horas semanales de taller de franc\u00e9s a un ritmo relajado, lo que permite a los alumnos\/as ir trabajando poco a poco esta lengua. En el segundo ciclo pueden seguir con el taller de franc\u00e9s u optar por un ritmo de aprendizaje m\u00e1s acelerado optando por el proyecto de franc\u00e9s.<\/p>\n<p>[\/et_pb_text][et_pb_text _builder_version=\u00bb3.0.84&#8243; background_layout=\u00bblight\u00bb]<\/p>\n<p style=\"text-align: justify;\">Las clases que se ofrecen en el proyecto de franc\u00e9s requieren mucho trabajo y energ\u00eda, ya que no se pide a los alumnos\/as una actitud de receptores pasivos sino que tendr\u00e1n que intervenir numerosas veces en clase, realizar trabajos y exponerlos delante de toda la clase, as\u00ed como pasar pruebas, todo ello por supuesto siempre en lengua francesa.<\/p>\n<p style=\"text-align: justify;\">El esfuerzo es grande y los alumnos\/as que no tengan un nivel suficiente no solo corren riesgo de estresarse sino que tambi\u00e9n pueden obstaculizar el buen desarrollo de las clases. No es recomendable que escojan esta experiencia multiling\u00fce los alumnos\/as que muestren dificultades en alguno de los dos idiomas oficiales de la Comunidad aut\u00f3noma.<\/p>\n<p>[\/et_pb_text][\/et_pb_column][\/et_pb_row][et_pb_row][et_pb_column type=\u00bb4_4&#8243;][et_pb_text _builder_version=\u00bb3.0.84&#8243; background_layout=\u00bblight\u00bb]<\/p>\n<h2 style=\"text-align: center;\"><b>ASIGNATURAS QUE SE OFRECEN EN EL PROYECTO DE FRANC\u00c9S<\/b><\/h2>\n<p>[\/et_pb_text][\/et_pb_column][\/et_pb_row][et_pb_row _builder_version=\u00bb3.0.84&#8243; box_shadow_color=\u00bb#b13971&#8243; custom_padding=\u00bb|10px||10px\u00bb background_color=\u00bb#ebf0f6&#8243;][et_pb_column type=\u00bb1_2&#8243;][et_pb_text _builder_version=\u00bb3.0.84&#8243; background_layout=\u00bblight\u00bb]<\/p>\n<h3 style=\"text-align: center;\"><b>3\u00ba ESO<\/b><\/h3>\n<p style=\"text-align: center;\">Franc\u00e9s (2 horas)<br \/>\nPl\u00e1stica (1 hora)<br \/>\nM\u00fasica (1 hora)<br \/>\nValores \u00e9ticos (1 hora)<\/p>\n<p>[\/et_pb_text][\/et_pb_column][et_pb_column type=\u00bb1_2&#8243;][et_pb_text _builder_version=\u00bb3.0.84&#8243; background_layout=\u00bblight\u00bb]<\/p>\n<h3 style=\"text-align: center;\"><b>4\u00ba ESO<\/b><\/h3>\n<p style=\"text-align: center;\">Franc\u00e9s (3 horas)<br \/>\nValores \u00e9ticos (1 hora)<\/p>\n<p>[\/et_pb_text][\/et_pb_column][\/et_pb_row][et_pb_row][et_pb_column type=\u00bb1_4&#8243;][\/et_pb_column][et_pb_column type=\u00bb1_2&#8243;][et_pb_cta _builder_version=\u00bb3.0.84&#8243; url_new_window=\u00bbon\u00bb use_background_color=\u00bbon\u00bb background_layout=\u00bbdark\u00bb custom_button=\u00bboff\u00bb button_icon_placement=\u00bbright\u00bb button_url=\u00bbhttps:\/\/sites.google.com\/site\/luberrifrantsesproiektua\u00bb button_text=\u00bbaqu\u00ed!\u00bb background_color=\u00bb#ebf0f6&#8243; title=\u00bbM\u00c1S INFORMACI\u00d3N\u00bb \/][\/et_pb_column][et_pb_column type=\u00bb1_4&#8243;][\/et_pb_column][\/et_pb_row][\/et_pb_section]<\/p>\n","protected":false},"excerpt":{"rendered":"<p><div class=\"et_pb_row et_pb_row_0 et_pb_row_empty\">\n\t\t\t\t\n\t\t\t\t\n\t\t\t\t\n\t\t\t\t\n\t\t\t\t\n\t\t\t<\/div> El proyecto de franc\u00e9s consiste en cursar algunas asignaturas en franc\u00e9s en el segundo ciclo de la E.S.O. En el primer ciclo se ofrecen dos horas semanales de taller de franc\u00e9s a un ritmo relajado, lo que permite a los alumnos\/as ir trabajando poco a poco esta lengua. En el segundo ciclo pueden seguir [&hellip;]<\/p>\n","protected":false},"author":1,"featured_media":0,"parent":0,"menu_order":2,"comment_status":"closed","ping_status":"closed","template":"","meta":{"_et_pb_use_builder":"on","_et_pb_old_content":"<h2>OINBUSA<\/h2>\r\n<p style=\"text-align=justify\">Haurrak Fleming herri eskolara oinez eta bere kabuz, hain sinplea, hain motibagarria, hain iraultzailea: <strong>Oinbusa<\/strong>.\r\nGure ikasleak Fleming Herri Eskolara eskolakideekin joan daitezela, oinez, herria deskubrituz, ingurua biziz eta gozatuz, txiki eta nagusiagoekin batera, bidea autonomikoki eginez.\r\nEskolara oinez programa burutzan ari gara, eta Flemingen komunitate osoa parte hartzen ari da: irakasleak, gurasoak, udaletxea, langileak,\u2026<\/p>\r\n\r\n<p style=\"text-align=justify\">Motordun ibilgailuak alde batera utzi eta helduen laguntza barik ibilbide seguruetatik egindako joan\u2010etorriak bermatu nahi dira. Partaidetzan oinarritutako metodologia baten bidez burutzen ari da proiektua eta ingurumen iraunkortasuna, aldaketa klimatikoaren aurkako neurriak eta bide segurtasuna izango dira egitasmo honen giltzarri.\r\nProeiktu honen bidez, irisgarritasuna, bide\u2010segurtasuna eta ibilgailu pribatuen erabilera murrizten saiatzen ari gara.<\/p>","_et_gb_content_width":"","footnotes":""},"class_list":["post-3004","page","type-page","status-publish","hentry"],"_links":{"self":[{"href":"https:\/\/www.antigua-luberri.net\/es\/wp-json\/wp\/v2\/pages\/3004","targetHints":{"allow":["GET"]}}],"collection":[{"href":"https:\/\/www.antigua-luberri.net\/es\/wp-json\/wp\/v2\/pages"}],"about":[{"href":"https:\/\/www.antigua-luberri.net\/es\/wp-json\/wp\/v2\/types\/page"}],"author":[{"embeddable":true,"href":"https:\/\/www.antigua-luberri.net\/es\/wp-json\/wp\/v2\/users\/1"}],"replies":[{"embeddable":true,"href":"https:\/\/www.antigua-luberri.net\/es\/wp-json\/wp\/v2\/comments?post=3004"}],"version-history":[{"count":25,"href":"https:\/\/www.antigua-luberri.net\/es\/wp-json\/wp\/v2\/pages\/3004\/revisions"}],"predecessor-version":[{"id":6396,"href":"https:\/\/www.antigua-luberri.net\/es\/wp-json\/wp\/v2\/pages\/3004\/revisions\/6396"}],"wp:attachment":[{"href":"https:\/\/www.antigua-luberri.net\/es\/wp-json\/wp\/v2\/media?parent=3004"}],"curies":[{"name":"wp","href":"https:\/\/api.w.org\/{rel}","templated":true}]}}