{"id":2981,"date":"2018-08-23T10:08:10","date_gmt":"2018-08-23T08:08:10","guid":{"rendered":"https:\/\/www.antigua-luberri.net\/saludo\/nuestra-historia\/"},"modified":"2025-11-06T20:22:31","modified_gmt":"2025-11-06T19:22:31","slug":"nuestra-historia","status":"publish","type":"page","link":"https:\/\/www.antigua-luberri.net\/es\/instituto\/nuestra-historia\/","title":{"rendered":"Nuestra historia"},"content":{"rendered":"<p>[et_pb_section fb_built=\u00bb1&#8243; _builder_version=\u00bb4.16&#8243; global_colors_info=\u00bb{}\u00bb][et_pb_row column_structure=\u00bb1_2,1_2&#8243; _builder_version=\u00bb4.16&#8243; background_size=\u00bbinitial\u00bb background_position=\u00bbtop_left\u00bb background_repeat=\u00bbrepeat\u00bb global_colors_info=\u00bb{}\u00bb][et_pb_column type=\u00bb1_2&#8243; _builder_version=\u00bb4.16&#8243; custom_padding=\u00bb|||\u00bb global_colors_info=\u00bb{}\u00bb custom_padding__hover=\u00bb|||\u00bb][et_pb_text _builder_version=\u00bb4.27.4&#8243; hover_enabled=\u00bb0&#8243; global_colors_info=\u00bb{}\u00bb sticky_enabled=\u00bb0&#8243;]<\/p>\n<p style=\"text-align: justify;\"><span style=\"font-weight: 400;\">Antigua-Luberri inicia su andadura en el curso 1996\/1997.<\/span><\/p>\n<p style=\"text-align: justify;\"><span style=\"font-weight: 400;\">Durante los seis primeros a\u00f1os de ese recorrido Antigua-Luberri se estableci\u00f3 en el edificio del colegio de Santa Rita, a menudo en malas condiciones, a la espera de la construcci\u00f3n del nuevo inmueble. El traslado a la ubicaci\u00f3n actual se produjo en el curso 2002\/2003.<\/span><\/p>\n<p style=\"text-align: justify;\"><span style=\"font-weight: 400;\">Cuando se cre\u00f3 el instituto Antigua-Luberri no exist\u00eda en el barrio del Antiguo ni en sus cercan\u00edas oferta de ense\u00f1anza p\u00fablica en el modelo D. En 1994, la publificaci\u00f3n de las ikastolas dio lugar a un nuevo mapa escolar, y las ikastolas Jakintza, Orixe, Amassorrain e Igeldo se unieron en un nuevo proyecto: la ikastola Luberri.<\/span><\/p>\n<p style=\"text-align: justify;\"><span style=\"font-weight: 400;\">Tres a\u00f1os despu\u00e9s se produjo la fusi\u00f3n de la ikastola Luberri y el tramo de 12-16 a\u00f1os de la ikastola Ibai. En ese momento adquiri\u00f3 el nuevo instituto su denominaci\u00f3n actual: Antigua-Luberri BHI.<\/span><\/p>\n<p>[\/et_pb_text][\/et_pb_column][et_pb_column type=\u00bb1_2&#8243; _builder_version=\u00bb4.16&#8243; custom_padding=\u00bb|||\u00bb global_colors_info=\u00bb{}\u00bb custom_padding__hover=\u00bb|||\u00bb][et_pb_image src=\u00bbhttps:\/\/www.antigua-luberri.net\/wp-content\/uploads\/2018\/06\/GureHistoria-Antigua-Luberri-BHI.jpg\u00bb align_tablet=\u00bbcenter\u00bb align_phone=\u00bb\u00bb align_last_edited=\u00bbon|desktop\u00bb _builder_version=\u00bb4.16&#8243; border_width_all=\u00bb0px\u00bb border_color_all=\u00bb#b13971&#8243; border_style_all=\u00bbsolid\u00bb use_border_color=\u00bbon\u00bb border_color=\u00bb#b13971&#8243; always_center_on_mobile=\u00bbon\u00bb global_colors_info=\u00bb{}\u00bb][\/et_pb_image][\/et_pb_column][\/et_pb_row][et_pb_row _builder_version=\u00bb4.16&#8243; background_size=\u00bbinitial\u00bb background_position=\u00bbtop_left\u00bb background_repeat=\u00bbrepeat\u00bb global_colors_info=\u00bb{}\u00bb][et_pb_column type=\u00bb4_4&#8243; _builder_version=\u00bb4.16&#8243; custom_padding=\u00bb|||\u00bb global_colors_info=\u00bb{}\u00bb custom_padding__hover=\u00bb|||\u00bb][et_pb_text _builder_version=\u00bb4.16&#8243; global_colors_info=\u00bb{}\u00bb]<\/p>\n<p style=\"text-align: justify;\"><span style=\"font-weight: 400;\">En un principio, el profesorado del centro proven\u00eda de las cinco ikastolas de origen, pero a medida que aumentaba la matr\u00edcula de alumnos se unieron al proyecto profesores provenientes de otros centros. As\u00ed, en la actualidad nuestra comunidad educativa se compone de aproximadamente 100 profesores y profesoras, y 800 alumnos y alumnas.<\/span><\/p>\n<p style=\"text-align: justify;\"><span style=\"font-weight: 400;\">Cuando se erigi\u00f3 el nuevo edificio se preve\u00edan s\u00f3lo cuatro aulas por cada curso; sin embargo, a medida que ha aumentado la matriculaci\u00f3n de alumnos el edificio se ha ido quedando peque\u00f1o. Debemos recordar, por ejemplo, que en la etapa 12-16 tenemos por cada curso seis o siete aulas. Por consiguiente, durante el curso 2017-2018 se realizaron obras de ampliaci\u00f3n del centro, y las nuevas aulas se utilizaron por primera vez durante el curso 2018-2019.<\/span><\/p>\n<p style=\"text-align: justify;\"><span style=\"font-weight: 400;\">Antigua-Luberri BHI es un centro de titularidad p\u00fablica (Departamento de Educaci\u00f3n del Gobierno Vasco).<\/span><\/p>\n<p>[\/et_pb_text][\/et_pb_column][\/et_pb_row][et_pb_row column_structure=\u00bb1_2,1_2&#8243; _builder_version=\u00bb4.16&#8243; background_size=\u00bbinitial\u00bb background_position=\u00bbtop_left\u00bb background_repeat=\u00bbrepeat\u00bb global_colors_info=\u00bb{}\u00bb][et_pb_column type=\u00bb1_2&#8243; _builder_version=\u00bb4.16&#8243; custom_padding=\u00bb|||\u00bb global_colors_info=\u00bb{}\u00bb custom_padding__hover=\u00bb|||\u00bb][et_pb_image src=\u00bbhttps:\/\/www.antigua-luberri.net\/wp-content\/uploads\/2018\/06\/Argazkiak_GureHistoria.jpg\u00bb align_tablet=\u00bbcenter\u00bb align_phone=\u00bb\u00bb align_last_edited=\u00bbon|desktop\u00bb _builder_version=\u00bb4.16&#8243; border_width_all=\u00bb0px\u00bb border_color_all=\u00bb#b13971&#8243; border_style_all=\u00bbsolid\u00bb use_border_color=\u00bbon\u00bb border_color=\u00bb#b13971&#8243; always_center_on_mobile=\u00bbon\u00bb global_colors_info=\u00bb{}\u00bb][\/et_pb_image][\/et_pb_column][et_pb_column type=\u00bb1_2&#8243; _builder_version=\u00bb4.16&#8243; custom_padding=\u00bb|||\u00bb global_colors_info=\u00bb{}\u00bb custom_padding__hover=\u00bb|||\u00bb][et_pb_image src=\u00bbhttps:\/\/www.antigua-luberri.net\/wp-content\/uploads\/2018\/06\/Argazkiak_GureHistoria2.jpg\u00bb align_tablet=\u00bbcenter\u00bb align_phone=\u00bb\u00bb align_last_edited=\u00bbon|desktop\u00bb _builder_version=\u00bb4.16&#8243; border_width_all=\u00bb0px\u00bb border_color_all=\u00bb#b13971&#8243; border_style_all=\u00bbsolid\u00bb use_border_color=\u00bbon\u00bb border_color=\u00bb#b13971&#8243; always_center_on_mobile=\u00bbon\u00bb global_colors_info=\u00bb{}\u00bb][\/et_pb_image][\/et_pb_column][\/et_pb_row][\/et_pb_section]<\/p>\n","protected":false},"excerpt":{"rendered":"<p>Antigua-Luberri inicia su andadura en el curso 1996\/1997. Durante los seis primeros a\u00f1os de ese recorrido Antigua-Luberri se estableci\u00f3 en el edificio del colegio de Santa Rita, a menudo en malas condiciones, a la espera de la construcci\u00f3n del nuevo inmueble. El traslado a la ubicaci\u00f3n actual se produjo en el curso 2002\/2003. Cuando se [&hellip;]<\/p>\n","protected":false},"author":1,"featured_media":0,"parent":2918,"menu_order":0,"comment_status":"closed","ping_status":"closed","template":"","meta":{"_et_pb_use_builder":"on","_et_pb_old_content":"","_et_gb_content_width":"","footnotes":""},"class_list":["post-2981","page","type-page","status-publish","hentry"],"_links":{"self":[{"href":"https:\/\/www.antigua-luberri.net\/es\/wp-json\/wp\/v2\/pages\/2981","targetHints":{"allow":["GET"]}}],"collection":[{"href":"https:\/\/www.antigua-luberri.net\/es\/wp-json\/wp\/v2\/pages"}],"about":[{"href":"https:\/\/www.antigua-luberri.net\/es\/wp-json\/wp\/v2\/types\/page"}],"author":[{"embeddable":true,"href":"https:\/\/www.antigua-luberri.net\/es\/wp-json\/wp\/v2\/users\/1"}],"replies":[{"embeddable":true,"href":"https:\/\/www.antigua-luberri.net\/es\/wp-json\/wp\/v2\/comments?post=2981"}],"version-history":[{"count":11,"href":"https:\/\/www.antigua-luberri.net\/es\/wp-json\/wp\/v2\/pages\/2981\/revisions"}],"predecessor-version":[{"id":17815,"href":"https:\/\/www.antigua-luberri.net\/es\/wp-json\/wp\/v2\/pages\/2981\/revisions\/17815"}],"up":[{"embeddable":true,"href":"https:\/\/www.antigua-luberri.net\/es\/wp-json\/wp\/v2\/pages\/2918"}],"wp:attachment":[{"href":"https:\/\/www.antigua-luberri.net\/es\/wp-json\/wp\/v2\/media?parent=2981"}],"curies":[{"name":"wp","href":"https:\/\/api.w.org\/{rel}","templated":true}]}}